{"id":1345,"date":"2024-04-10T15:15:50","date_gmt":"2024-04-10T20:15:50","guid":{"rendered":"https:\/\/staging5.nsd.tech\/?page_id=1345"},"modified":"2025-01-21T00:10:05","modified_gmt":"2025-01-21T06:10:05","slug":"new-cif-form","status":"publish","type":"page","link":"https:\/\/staging5.nsd.tech\/ar\/forms\/new-cif-form\/","title":{"rendered":"New CIF Form"},"content":{"rendered":"<div id=\"cs-content\" class=\"cs-content\"><\/div>","protected":false},"excerpt":{"rendered":"<p>Formulaire Confidentiel de Demande de Services Afin de b\u00e9n\u00e9ficier des services de la Coop\u00e9rative d&#8217;int\u00e9gration francophone (CIF), veuillez remplir ce questionnaire. La collecte de votre information personnelle est gouvern\u00e9e et prot\u00e9g\u00e9e en vertu de la Loi sur l\u2019immigration et la protection des r\u00e9fugi\u00e9s, la l\u00e9gislation canadienne sur la protection des renseignements personnels stipule que le gouvernement f\u00e9d\u00e9ral est tenu de &#8230; <\/p>\n<div><a href=\"https:\/\/staging5.nsd.tech\/ar\/forms\/new-cif-form\/\" class=\"more-link\">Read More<\/a><\/div>","protected":false},"author":10,"featured_media":0,"parent":116,"menu_order":0,"comment_status":"closed","ping_status":"closed","template":"","meta":{"_acf_changed":false,"inline_featured_image":false,"footnotes":""},"class_list":["post-1345","page","type-page","status-publish","hentry","no-post-thumbnail"],"acf":[],"yoast_head":"<!-- This site is optimized with the Yoast SEO plugin v27.4 - https:\/\/yoast.com\/product\/yoast-seo-wordpress\/ -->\n<title>New CIF Form - Staging 5<\/title>\n<meta name=\"robots\" content=\"index, follow, max-snippet:-1, max-image-preview:large, max-video-preview:-1\" \/>\n<link rel=\"canonical\" href=\"https:\/\/staging5.nsd.tech\/ar\/forms\/new-cif-form\/\" \/>\n<meta property=\"og:locale\" content=\"ar_AR\" \/>\n<meta property=\"og:type\" content=\"article\" \/>\n<meta property=\"og:title\" content=\"New CIF Form - Staging 5\" \/>\n<meta property=\"og:description\" content=\"Formulaire Confidentiel de Demande de Services Afin de b\u00e9n\u00e9ficier des services de la Coop\u00e9rative d&#039;int\u00e9gration francophone (CIF), veuillez remplir ce questionnaire. La collecte de votre information personnelle est gouvern\u00e9e et prot\u00e9g\u00e9e en vertu de la Loi sur l\u2019immigration et la protection des r\u00e9fugi\u00e9s, la l\u00e9gislation canadienne sur la protection des renseignements personnels stipule que le gouvernement f\u00e9d\u00e9ral est tenu de ... Read More\" \/>\n<meta property=\"og:url\" content=\"https:\/\/staging5.nsd.tech\/ar\/forms\/new-cif-form\/\" \/>\n<meta property=\"og:site_name\" content=\"Staging 5\" \/>\n<meta property=\"article:modified_time\" content=\"2025-01-21T06:10:05+00:00\" \/>\n<meta name=\"twitter:card\" content=\"summary_large_image\" \/>\n<script type=\"application\/ld+json\" class=\"yoast-schema-graph\">{\"@context\":\"https:\\\/\\\/schema.org\",\"@graph\":[{\"@type\":\"WebPage\",\"@id\":\"https:\\\/\\\/staging5.nsd.tech\\\/forms\\\/new-cif-form\\\/\",\"url\":\"https:\\\/\\\/staging5.nsd.tech\\\/forms\\\/new-cif-form\\\/\",\"name\":\"New CIF Form - Staging 5\",\"isPartOf\":{\"@id\":\"https:\\\/\\\/staging5.nsd.tech\\\/#website\"},\"datePublished\":\"2024-04-10T20:15:50+00:00\",\"dateModified\":\"2025-01-21T06:10:05+00:00\",\"breadcrumb\":{\"@id\":\"https:\\\/\\\/staging5.nsd.tech\\\/forms\\\/new-cif-form\\\/#breadcrumb\"},\"inLanguage\":\"ar\",\"potentialAction\":[{\"@type\":\"ReadAction\",\"target\":[\"https:\\\/\\\/staging5.nsd.tech\\\/forms\\\/new-cif-form\\\/\"]}]},{\"@type\":\"BreadcrumbList\",\"@id\":\"https:\\\/\\\/staging5.nsd.tech\\\/forms\\\/new-cif-form\\\/#breadcrumb\",\"itemListElement\":[{\"@type\":\"ListItem\",\"position\":1,\"name\":\"Home\",\"item\":\"https:\\\/\\\/staging5.nsd.tech\\\/\"},{\"@type\":\"ListItem\",\"position\":2,\"name\":\"Sample Forms\",\"item\":\"https:\\\/\\\/staging5.nsd.tech\\\/forms\\\/\"},{\"@type\":\"ListItem\",\"position\":3,\"name\":\"New CIF Form\"}]},{\"@type\":\"WebSite\",\"@id\":\"https:\\\/\\\/staging5.nsd.tech\\\/#website\",\"url\":\"https:\\\/\\\/staging5.nsd.tech\\\/\",\"name\":\"Staging 5\",\"description\":\"My WordPress Blog\",\"potentialAction\":[{\"@type\":\"SearchAction\",\"target\":{\"@type\":\"EntryPoint\",\"urlTemplate\":\"https:\\\/\\\/staging5.nsd.tech\\\/?s={search_term_string}\"},\"query-input\":{\"@type\":\"PropertyValueSpecification\",\"valueRequired\":true,\"valueName\":\"search_term_string\"}}],\"inLanguage\":\"ar\"}]}<\/script>\n<!-- \/ Yoast SEO plugin. -->","yoast_head_json":{"title":"New CIF Form - Staging 5","robots":{"index":"index","follow":"follow","max-snippet":"max-snippet:-1","max-image-preview":"max-image-preview:large","max-video-preview":"max-video-preview:-1"},"canonical":"https:\/\/staging5.nsd.tech\/ar\/forms\/new-cif-form\/","og_locale":"ar_AR","og_type":"article","og_title":"New CIF Form - Staging 5","og_description":"Formulaire Confidentiel de Demande de Services Afin de b\u00e9n\u00e9ficier des services de la Coop\u00e9rative d'int\u00e9gration francophone (CIF), veuillez remplir ce questionnaire. La collecte de votre information personnelle est gouvern\u00e9e et prot\u00e9g\u00e9e en vertu de la Loi sur l\u2019immigration et la protection des r\u00e9fugi\u00e9s, la l\u00e9gislation canadienne sur la protection des renseignements personnels stipule que le gouvernement f\u00e9d\u00e9ral est tenu de ... Read More","og_url":"https:\/\/staging5.nsd.tech\/ar\/forms\/new-cif-form\/","og_site_name":"Staging 5","article_modified_time":"2025-01-21T06:10:05+00:00","twitter_card":"summary_large_image","schema":{"@context":"https:\/\/schema.org","@graph":[{"@type":"WebPage","@id":"https:\/\/staging5.nsd.tech\/forms\/new-cif-form\/","url":"https:\/\/staging5.nsd.tech\/forms\/new-cif-form\/","name":"New CIF Form - Staging 5","isPartOf":{"@id":"https:\/\/staging5.nsd.tech\/#website"},"datePublished":"2024-04-10T20:15:50+00:00","dateModified":"2025-01-21T06:10:05+00:00","breadcrumb":{"@id":"https:\/\/staging5.nsd.tech\/forms\/new-cif-form\/#breadcrumb"},"inLanguage":"ar","potentialAction":[{"@type":"ReadAction","target":["https:\/\/staging5.nsd.tech\/forms\/new-cif-form\/"]}]},{"@type":"BreadcrumbList","@id":"https:\/\/staging5.nsd.tech\/forms\/new-cif-form\/#breadcrumb","itemListElement":[{"@type":"ListItem","position":1,"name":"Home","item":"https:\/\/staging5.nsd.tech\/"},{"@type":"ListItem","position":2,"name":"Sample Forms","item":"https:\/\/staging5.nsd.tech\/forms\/"},{"@type":"ListItem","position":3,"name":"New CIF Form"}]},{"@type":"WebSite","@id":"https:\/\/staging5.nsd.tech\/#website","url":"https:\/\/staging5.nsd.tech\/","name":"Staging 5","description":"My WordPress Blog","potentialAction":[{"@type":"SearchAction","target":{"@type":"EntryPoint","urlTemplate":"https:\/\/staging5.nsd.tech\/?s={search_term_string}"},"query-input":{"@type":"PropertyValueSpecification","valueRequired":true,"valueName":"search_term_string"}}],"inLanguage":"ar"}]}},"_links":{"self":[{"href":"https:\/\/staging5.nsd.tech\/ar\/wp-json\/wp\/v2\/pages\/1345","targetHints":{"allow":["GET"]}}],"collection":[{"href":"https:\/\/staging5.nsd.tech\/ar\/wp-json\/wp\/v2\/pages"}],"about":[{"href":"https:\/\/staging5.nsd.tech\/ar\/wp-json\/wp\/v2\/types\/page"}],"author":[{"embeddable":true,"href":"https:\/\/staging5.nsd.tech\/ar\/wp-json\/wp\/v2\/users\/10"}],"replies":[{"embeddable":true,"href":"https:\/\/staging5.nsd.tech\/ar\/wp-json\/wp\/v2\/comments?post=1345"}],"version-history":[{"count":2,"href":"https:\/\/staging5.nsd.tech\/ar\/wp-json\/wp\/v2\/pages\/1345\/revisions"}],"predecessor-version":[{"id":1348,"href":"https:\/\/staging5.nsd.tech\/ar\/wp-json\/wp\/v2\/pages\/1345\/revisions\/1348"}],"up":[{"embeddable":true,"href":"https:\/\/staging5.nsd.tech\/ar\/wp-json\/wp\/v2\/pages\/116"}],"wp:attachment":[{"href":"https:\/\/staging5.nsd.tech\/ar\/wp-json\/wp\/v2\/media?parent=1345"}],"curies":[{"name":"wp","href":"https:\/\/api.w.org\/{rel}","templated":true}]}}