{"id":1539,"date":"2024-08-27T15:47:15","date_gmt":"2024-08-27T20:47:15","guid":{"rendered":"https:\/\/staging5.nsd.tech\/?page_id=1539"},"modified":"2025-01-21T00:01:58","modified_gmt":"2025-01-21T06:01:58","slug":"aftc-consent-for-psychiatric-consultation-form","status":"publish","type":"page","link":"https:\/\/staging5.nsd.tech\/es\/aurora\/aftc-consent-for-psychiatric-consultation-form\/","title":{"rendered":"AFTC Consent for Psychiatric Consultation Form"},"content":{"rendered":"<div id=\"cs-content\" class=\"cs-content\"><\/div>","protected":false},"excerpt":{"rendered":"<p>Resilia Consent for Psychiatric Consultation Este campo est\u00e1 oculto cuando se visualiza el formularioGUIDEste campo est\u00e1 oculto cuando se visualiza el formularioreqCodeEste campo est\u00e1 oculto cuando se visualiza el formulariouserEmail Este campo est\u00e1 oculto cuando se visualiza el formularioSubmission Date (Admin Only) DD barra MM barra AAAA Please review the following statements regarding your consultation with Resilia Community Wellness Centre&#8217;s &#8230; <\/p>\n<div><a href=\"https:\/\/staging5.nsd.tech\/es\/aurora\/aftc-consent-for-psychiatric-consultation-form\/\" class=\"more-link\">Read More<\/a><\/div>","protected":false},"author":14,"featured_media":0,"parent":1680,"menu_order":0,"comment_status":"closed","ping_status":"closed","template":"","meta":{"_acf_changed":false,"inline_featured_image":false,"footnotes":""},"class_list":["post-1539","page","type-page","status-publish","hentry","no-post-thumbnail"],"acf":[],"yoast_head":"<!-- This site is optimized with the Yoast SEO plugin v27.4 - https:\/\/yoast.com\/product\/yoast-seo-wordpress\/ -->\n<title>AFTC Consent for Psychiatric Consultation Form - Staging 5<\/title>\n<meta name=\"robots\" content=\"index, follow, max-snippet:-1, max-image-preview:large, max-video-preview:-1\" \/>\n<link rel=\"canonical\" href=\"https:\/\/staging5.nsd.tech\/es\/aurora\/aftc-consent-for-psychiatric-consultation-form\/\" \/>\n<meta property=\"og:locale\" content=\"es_ES\" \/>\n<meta property=\"og:type\" content=\"article\" \/>\n<meta property=\"og:title\" content=\"AFTC Consent for Psychiatric Consultation Form - Staging 5\" \/>\n<meta property=\"og:description\" content=\"Resilia Consent for Psychiatric Consultation Este campo est\u00e1 oculto cuando se visualiza el formularioGUIDEste campo est\u00e1 oculto cuando se visualiza el formularioreqCodeEste campo est\u00e1 oculto cuando se visualiza el formulariouserEmail Este campo est\u00e1 oculto cuando se visualiza el formularioSubmission Date (Admin Only) DD barra MM barra AAAA Please review the following statements regarding your consultation with Resilia Community Wellness Centre&#039;s ... Read More\" \/>\n<meta property=\"og:url\" content=\"https:\/\/staging5.nsd.tech\/es\/aurora\/aftc-consent-for-psychiatric-consultation-form\/\" \/>\n<meta property=\"og:site_name\" content=\"Staging 5\" \/>\n<meta property=\"article:modified_time\" content=\"2025-01-21T06:01:58+00:00\" \/>\n<meta name=\"twitter:card\" content=\"summary_large_image\" \/>\n<script type=\"application\/ld+json\" class=\"yoast-schema-graph\">{\"@context\":\"https:\\\/\\\/schema.org\",\"@graph\":[{\"@type\":\"WebPage\",\"@id\":\"https:\\\/\\\/staging5.nsd.tech\\\/aurora\\\/aftc-consent-for-psychiatric-consultation-form\\\/\",\"url\":\"https:\\\/\\\/staging5.nsd.tech\\\/aurora\\\/aftc-consent-for-psychiatric-consultation-form\\\/\",\"name\":\"AFTC Consent for Psychiatric Consultation Form - Staging 5\",\"isPartOf\":{\"@id\":\"https:\\\/\\\/staging5.nsd.tech\\\/#website\"},\"datePublished\":\"2024-08-27T20:47:15+00:00\",\"dateModified\":\"2025-01-21T06:01:58+00:00\",\"breadcrumb\":{\"@id\":\"https:\\\/\\\/staging5.nsd.tech\\\/aurora\\\/aftc-consent-for-psychiatric-consultation-form\\\/#breadcrumb\"},\"inLanguage\":\"es\",\"potentialAction\":[{\"@type\":\"ReadAction\",\"target\":[\"https:\\\/\\\/staging5.nsd.tech\\\/aurora\\\/aftc-consent-for-psychiatric-consultation-form\\\/\"]}]},{\"@type\":\"BreadcrumbList\",\"@id\":\"https:\\\/\\\/staging5.nsd.tech\\\/aurora\\\/aftc-consent-for-psychiatric-consultation-form\\\/#breadcrumb\",\"itemListElement\":[{\"@type\":\"ListItem\",\"position\":1,\"name\":\"Home\",\"item\":\"https:\\\/\\\/staging5.nsd.tech\\\/\"},{\"@type\":\"ListItem\",\"position\":2,\"name\":\"AURORA\",\"item\":\"https:\\\/\\\/staging5.nsd.tech\\\/aurora\\\/\"},{\"@type\":\"ListItem\",\"position\":3,\"name\":\"AFTC Consent for Psychiatric Consultation Form\"}]},{\"@type\":\"WebSite\",\"@id\":\"https:\\\/\\\/staging5.nsd.tech\\\/#website\",\"url\":\"https:\\\/\\\/staging5.nsd.tech\\\/\",\"name\":\"Staging 5\",\"description\":\"My WordPress Blog\",\"potentialAction\":[{\"@type\":\"SearchAction\",\"target\":{\"@type\":\"EntryPoint\",\"urlTemplate\":\"https:\\\/\\\/staging5.nsd.tech\\\/?s={search_term_string}\"},\"query-input\":{\"@type\":\"PropertyValueSpecification\",\"valueRequired\":true,\"valueName\":\"search_term_string\"}}],\"inLanguage\":\"es\"}]}<\/script>\n<!-- \/ Yoast SEO plugin. -->","yoast_head_json":{"title":"AFTC Consent for Psychiatric Consultation Form - Staging 5","robots":{"index":"index","follow":"follow","max-snippet":"max-snippet:-1","max-image-preview":"max-image-preview:large","max-video-preview":"max-video-preview:-1"},"canonical":"https:\/\/staging5.nsd.tech\/es\/aurora\/aftc-consent-for-psychiatric-consultation-form\/","og_locale":"es_ES","og_type":"article","og_title":"AFTC Consent for Psychiatric Consultation Form - Staging 5","og_description":"Resilia Consent for Psychiatric Consultation Este campo est\u00e1 oculto cuando se visualiza el formularioGUIDEste campo est\u00e1 oculto cuando se visualiza el formularioreqCodeEste campo est\u00e1 oculto cuando se visualiza el formulariouserEmail Este campo est\u00e1 oculto cuando se visualiza el formularioSubmission Date (Admin Only) DD barra MM barra AAAA Please review the following statements regarding your consultation with Resilia Community Wellness Centre's ... Read More","og_url":"https:\/\/staging5.nsd.tech\/es\/aurora\/aftc-consent-for-psychiatric-consultation-form\/","og_site_name":"Staging 5","article_modified_time":"2025-01-21T06:01:58+00:00","twitter_card":"summary_large_image","schema":{"@context":"https:\/\/schema.org","@graph":[{"@type":"WebPage","@id":"https:\/\/staging5.nsd.tech\/aurora\/aftc-consent-for-psychiatric-consultation-form\/","url":"https:\/\/staging5.nsd.tech\/aurora\/aftc-consent-for-psychiatric-consultation-form\/","name":"AFTC Consent for Psychiatric Consultation Form - Staging 5","isPartOf":{"@id":"https:\/\/staging5.nsd.tech\/#website"},"datePublished":"2024-08-27T20:47:15+00:00","dateModified":"2025-01-21T06:01:58+00:00","breadcrumb":{"@id":"https:\/\/staging5.nsd.tech\/aurora\/aftc-consent-for-psychiatric-consultation-form\/#breadcrumb"},"inLanguage":"es","potentialAction":[{"@type":"ReadAction","target":["https:\/\/staging5.nsd.tech\/aurora\/aftc-consent-for-psychiatric-consultation-form\/"]}]},{"@type":"BreadcrumbList","@id":"https:\/\/staging5.nsd.tech\/aurora\/aftc-consent-for-psychiatric-consultation-form\/#breadcrumb","itemListElement":[{"@type":"ListItem","position":1,"name":"Home","item":"https:\/\/staging5.nsd.tech\/"},{"@type":"ListItem","position":2,"name":"AURORA","item":"https:\/\/staging5.nsd.tech\/aurora\/"},{"@type":"ListItem","position":3,"name":"AFTC Consent for Psychiatric Consultation Form"}]},{"@type":"WebSite","@id":"https:\/\/staging5.nsd.tech\/#website","url":"https:\/\/staging5.nsd.tech\/","name":"Staging 5","description":"My WordPress Blog","potentialAction":[{"@type":"SearchAction","target":{"@type":"EntryPoint","urlTemplate":"https:\/\/staging5.nsd.tech\/?s={search_term_string}"},"query-input":{"@type":"PropertyValueSpecification","valueRequired":true,"valueName":"search_term_string"}}],"inLanguage":"es"}]}},"_links":{"self":[{"href":"https:\/\/staging5.nsd.tech\/es\/wp-json\/wp\/v2\/pages\/1539","targetHints":{"allow":["GET"]}}],"collection":[{"href":"https:\/\/staging5.nsd.tech\/es\/wp-json\/wp\/v2\/pages"}],"about":[{"href":"https:\/\/staging5.nsd.tech\/es\/wp-json\/wp\/v2\/types\/page"}],"author":[{"embeddable":true,"href":"https:\/\/staging5.nsd.tech\/es\/wp-json\/wp\/v2\/users\/14"}],"replies":[{"embeddable":true,"href":"https:\/\/staging5.nsd.tech\/es\/wp-json\/wp\/v2\/comments?post=1539"}],"version-history":[{"count":2,"href":"https:\/\/staging5.nsd.tech\/es\/wp-json\/wp\/v2\/pages\/1539\/revisions"}],"predecessor-version":[{"id":1541,"href":"https:\/\/staging5.nsd.tech\/es\/wp-json\/wp\/v2\/pages\/1539\/revisions\/1541"}],"up":[{"embeddable":true,"href":"https:\/\/staging5.nsd.tech\/es\/wp-json\/wp\/v2\/pages\/1680"}],"wp:attachment":[{"href":"https:\/\/staging5.nsd.tech\/es\/wp-json\/wp\/v2\/media?parent=1539"}],"curies":[{"name":"wp","href":"https:\/\/api.w.org\/{rel}","templated":true}]}}