{"id":394,"date":"2023-03-17T16:16:05","date_gmt":"2023-03-17T21:16:05","guid":{"rendered":"https:\/\/staging5.nsd.tech\/?page_id=394"},"modified":"2024-02-15T17:53:28","modified_gmt":"2024-02-15T23:53:28","slug":"wsec-intake","status":"publish","type":"page","link":"https:\/\/staging5.nsd.tech\/es\/wsec-forms\/wsec-ssei\/wsec-intake\/","title":{"rendered":"Evaluaci\u00f3n de necesidades del FCRP del WSEC"},"content":{"rendered":"<div id=\"cs-content\" class=\"cs-content\"><\/div>","protected":false},"excerpt":{"rendered":"<p>Zzzz WSEC Backup &#8211; CRP Needs Assessment form (DEPRECATED) &quot;*&quot; se\u00f1ala los campos obligatorios LinkedInEste campo es un campo de validaci\u00f3n y debe quedar sin cambios.Este campo est\u00e1 oculto cuando se visualiza el formularioPersonal InformationEste campo est\u00e1 oculto cuando se visualiza el formularioCRP Assessment Date (Admin Only) DD barra MM barra AAAA Salutation\u2003Mr.Mrs.Ms.Dr.First Name*Last Name*Phone*Email*Date of Birth* DD barra MM &#8230; <\/p>\n<div><a href=\"https:\/\/staging5.nsd.tech\/es\/wsec-forms\/wsec-ssei\/wsec-intake\/\" class=\"more-link\">Read More<\/a><\/div>","protected":false},"author":10,"featured_media":210,"parent":783,"menu_order":0,"comment_status":"closed","ping_status":"closed","template":"","meta":{"_acf_changed":false,"inline_featured_image":false,"footnotes":""},"class_list":["post-394","page","type-page","status-publish","has-post-thumbnail","hentry"],"acf":[],"yoast_head":"<!-- This site is optimized with the Yoast SEO plugin v27.4 - https:\/\/yoast.com\/product\/yoast-seo-wordpress\/ -->\n<title>WSEC FCRP Needs Assessment - Staging 5<\/title>\n<meta name=\"robots\" content=\"index, follow, max-snippet:-1, max-image-preview:large, max-video-preview:-1\" \/>\n<link rel=\"canonical\" href=\"https:\/\/staging5.nsd.tech\/es\/wsec-forms\/wsec-ssei\/wsec-intake\/\" \/>\n<meta property=\"og:locale\" content=\"es_ES\" \/>\n<meta property=\"og:type\" content=\"article\" \/>\n<meta property=\"og:title\" content=\"WSEC FCRP Needs Assessment - Staging 5\" \/>\n<meta property=\"og:description\" content=\"Zzzz WSEC Backup - CRP Needs Assessment form (DEPRECATED) &quot;*&quot; se\u00f1ala los campos obligatorios LinkedInEste campo es un campo de validaci\u00f3n y debe quedar sin cambios.Este campo est\u00e1 oculto cuando se visualiza el formularioPersonal InformationEste campo est\u00e1 oculto cuando se visualiza el formularioCRP Assessment Date (Admin Only) DD barra MM barra AAAA Salutation\u2003Mr.Mrs.Ms.Dr.First Name*Last Name*Phone*Email*Date of Birth* DD barra MM ... Read More\" \/>\n<meta property=\"og:url\" content=\"https:\/\/staging5.nsd.tech\/es\/wsec-forms\/wsec-ssei\/wsec-intake\/\" \/>\n<meta property=\"og:site_name\" content=\"Staging 5\" \/>\n<meta property=\"article:modified_time\" content=\"2024-02-15T23:53:28+00:00\" \/>\n<meta property=\"og:image\" content=\"https:\/\/staging5.nsd.tech\/wp-content\/uploads\/2022\/05\/sample-page-featured-image.jpg\" \/>\n\t<meta property=\"og:image:width\" content=\"1200\" \/>\n\t<meta property=\"og:image:height\" content=\"671\" \/>\n\t<meta property=\"og:image:type\" content=\"image\/jpeg\" \/>\n<meta name=\"twitter:card\" content=\"summary_large_image\" \/>\n<meta name=\"twitter:label1\" content=\"Tiempo de lectura\" \/>\n\t<meta name=\"twitter:data1\" content=\"1 minuto\" \/>\n<script type=\"application\/ld+json\" class=\"yoast-schema-graph\">{\"@context\":\"https:\\\/\\\/schema.org\",\"@graph\":[{\"@type\":\"WebPage\",\"@id\":\"https:\\\/\\\/staging5.nsd.tech\\\/wsec-forms\\\/wsec-ssei\\\/wsec-intake\\\/\",\"url\":\"https:\\\/\\\/staging5.nsd.tech\\\/wsec-forms\\\/wsec-ssei\\\/wsec-intake\\\/\",\"name\":\"WSEC FCRP Needs Assessment - Staging 5\",\"isPartOf\":{\"@id\":\"https:\\\/\\\/staging5.nsd.tech\\\/#website\"},\"primaryImageOfPage\":{\"@id\":\"https:\\\/\\\/staging5.nsd.tech\\\/wsec-forms\\\/wsec-ssei\\\/wsec-intake\\\/#primaryimage\"},\"image\":{\"@id\":\"https:\\\/\\\/staging5.nsd.tech\\\/wsec-forms\\\/wsec-ssei\\\/wsec-intake\\\/#primaryimage\"},\"thumbnailUrl\":\"https:\\\/\\\/staging5.nsd.tech\\\/wp-content\\\/uploads\\\/2022\\\/05\\\/sample-page-featured-image.jpg\",\"datePublished\":\"2023-03-17T21:16:05+00:00\",\"dateModified\":\"2024-02-15T23:53:28+00:00\",\"breadcrumb\":{\"@id\":\"https:\\\/\\\/staging5.nsd.tech\\\/wsec-forms\\\/wsec-ssei\\\/wsec-intake\\\/#breadcrumb\"},\"inLanguage\":\"es\",\"potentialAction\":[{\"@type\":\"ReadAction\",\"target\":[\"https:\\\/\\\/staging5.nsd.tech\\\/wsec-forms\\\/wsec-ssei\\\/wsec-intake\\\/\"]}]},{\"@type\":\"ImageObject\",\"inLanguage\":\"es\",\"@id\":\"https:\\\/\\\/staging5.nsd.tech\\\/wsec-forms\\\/wsec-ssei\\\/wsec-intake\\\/#primaryimage\",\"url\":\"https:\\\/\\\/staging5.nsd.tech\\\/wp-content\\\/uploads\\\/2022\\\/05\\\/sample-page-featured-image.jpg\",\"contentUrl\":\"https:\\\/\\\/staging5.nsd.tech\\\/wp-content\\\/uploads\\\/2022\\\/05\\\/sample-page-featured-image.jpg\",\"width\":1200,\"height\":671,\"caption\":\"Page Featured Image\"},{\"@type\":\"BreadcrumbList\",\"@id\":\"https:\\\/\\\/staging5.nsd.tech\\\/wsec-forms\\\/wsec-ssei\\\/wsec-intake\\\/#breadcrumb\",\"itemListElement\":[{\"@type\":\"ListItem\",\"position\":1,\"name\":\"Home\",\"item\":\"https:\\\/\\\/staging5.nsd.tech\\\/\"},{\"@type\":\"ListItem\",\"position\":2,\"name\":\"WSEC\",\"item\":\"https:\\\/\\\/staging5.nsd.tech\\\/wsec-forms\\\/\"},{\"@type\":\"ListItem\",\"position\":3,\"name\":\"WSEC (Backup Forms)\",\"item\":\"https:\\\/\\\/staging5.nsd.tech\\\/wsec-forms\\\/wsec-ssei\\\/\"},{\"@type\":\"ListItem\",\"position\":4,\"name\":\"WSEC FCRP Needs Assessment\"}]},{\"@type\":\"WebSite\",\"@id\":\"https:\\\/\\\/staging5.nsd.tech\\\/#website\",\"url\":\"https:\\\/\\\/staging5.nsd.tech\\\/\",\"name\":\"Staging 5\",\"description\":\"My WordPress Blog\",\"potentialAction\":[{\"@type\":\"SearchAction\",\"target\":{\"@type\":\"EntryPoint\",\"urlTemplate\":\"https:\\\/\\\/staging5.nsd.tech\\\/?s={search_term_string}\"},\"query-input\":{\"@type\":\"PropertyValueSpecification\",\"valueRequired\":true,\"valueName\":\"search_term_string\"}}],\"inLanguage\":\"es\"}]}<\/script>\n<!-- \/ Yoast SEO plugin. -->","yoast_head_json":{"title":"WSEC FCRP Needs Assessment - Staging 5","robots":{"index":"index","follow":"follow","max-snippet":"max-snippet:-1","max-image-preview":"max-image-preview:large","max-video-preview":"max-video-preview:-1"},"canonical":"https:\/\/staging5.nsd.tech\/es\/wsec-forms\/wsec-ssei\/wsec-intake\/","og_locale":"es_ES","og_type":"article","og_title":"WSEC FCRP Needs Assessment - Staging 5","og_description":"Zzzz WSEC Backup - CRP Needs Assessment form (DEPRECATED) &quot;*&quot; se\u00f1ala los campos obligatorios LinkedInEste campo es un campo de validaci\u00f3n y debe quedar sin cambios.Este campo est\u00e1 oculto cuando se visualiza el formularioPersonal InformationEste campo est\u00e1 oculto cuando se visualiza el formularioCRP Assessment Date (Admin Only) DD barra MM barra AAAA Salutation\u2003Mr.Mrs.Ms.Dr.First Name*Last Name*Phone*Email*Date of Birth* DD barra MM ... Read More","og_url":"https:\/\/staging5.nsd.tech\/es\/wsec-forms\/wsec-ssei\/wsec-intake\/","og_site_name":"Staging 5","article_modified_time":"2024-02-15T23:53:28+00:00","og_image":[{"width":1200,"height":671,"url":"https:\/\/staging5.nsd.tech\/wp-content\/uploads\/2022\/05\/sample-page-featured-image.jpg","type":"image\/jpeg"}],"twitter_card":"summary_large_image","twitter_misc":{"Tiempo de lectura":"1 minuto"},"schema":{"@context":"https:\/\/schema.org","@graph":[{"@type":"WebPage","@id":"https:\/\/staging5.nsd.tech\/wsec-forms\/wsec-ssei\/wsec-intake\/","url":"https:\/\/staging5.nsd.tech\/wsec-forms\/wsec-ssei\/wsec-intake\/","name":"WSEC FCRP Needs Assessment - Staging 5","isPartOf":{"@id":"https:\/\/staging5.nsd.tech\/#website"},"primaryImageOfPage":{"@id":"https:\/\/staging5.nsd.tech\/wsec-forms\/wsec-ssei\/wsec-intake\/#primaryimage"},"image":{"@id":"https:\/\/staging5.nsd.tech\/wsec-forms\/wsec-ssei\/wsec-intake\/#primaryimage"},"thumbnailUrl":"https:\/\/staging5.nsd.tech\/wp-content\/uploads\/2022\/05\/sample-page-featured-image.jpg","datePublished":"2023-03-17T21:16:05+00:00","dateModified":"2024-02-15T23:53:28+00:00","breadcrumb":{"@id":"https:\/\/staging5.nsd.tech\/wsec-forms\/wsec-ssei\/wsec-intake\/#breadcrumb"},"inLanguage":"es","potentialAction":[{"@type":"ReadAction","target":["https:\/\/staging5.nsd.tech\/wsec-forms\/wsec-ssei\/wsec-intake\/"]}]},{"@type":"ImageObject","inLanguage":"es","@id":"https:\/\/staging5.nsd.tech\/wsec-forms\/wsec-ssei\/wsec-intake\/#primaryimage","url":"https:\/\/staging5.nsd.tech\/wp-content\/uploads\/2022\/05\/sample-page-featured-image.jpg","contentUrl":"https:\/\/staging5.nsd.tech\/wp-content\/uploads\/2022\/05\/sample-page-featured-image.jpg","width":1200,"height":671,"caption":"Page Featured Image"},{"@type":"BreadcrumbList","@id":"https:\/\/staging5.nsd.tech\/wsec-forms\/wsec-ssei\/wsec-intake\/#breadcrumb","itemListElement":[{"@type":"ListItem","position":1,"name":"Home","item":"https:\/\/staging5.nsd.tech\/"},{"@type":"ListItem","position":2,"name":"WSEC","item":"https:\/\/staging5.nsd.tech\/wsec-forms\/"},{"@type":"ListItem","position":3,"name":"WSEC (Backup Forms)","item":"https:\/\/staging5.nsd.tech\/wsec-forms\/wsec-ssei\/"},{"@type":"ListItem","position":4,"name":"WSEC FCRP Needs Assessment"}]},{"@type":"WebSite","@id":"https:\/\/staging5.nsd.tech\/#website","url":"https:\/\/staging5.nsd.tech\/","name":"Staging 5","description":"My WordPress Blog","potentialAction":[{"@type":"SearchAction","target":{"@type":"EntryPoint","urlTemplate":"https:\/\/staging5.nsd.tech\/?s={search_term_string}"},"query-input":{"@type":"PropertyValueSpecification","valueRequired":true,"valueName":"search_term_string"}}],"inLanguage":"es"}]}},"_links":{"self":[{"href":"https:\/\/staging5.nsd.tech\/es\/wp-json\/wp\/v2\/pages\/394","targetHints":{"allow":["GET"]}}],"collection":[{"href":"https:\/\/staging5.nsd.tech\/es\/wp-json\/wp\/v2\/pages"}],"about":[{"href":"https:\/\/staging5.nsd.tech\/es\/wp-json\/wp\/v2\/types\/page"}],"author":[{"embeddable":true,"href":"https:\/\/staging5.nsd.tech\/es\/wp-json\/wp\/v2\/users\/10"}],"replies":[{"embeddable":true,"href":"https:\/\/staging5.nsd.tech\/es\/wp-json\/wp\/v2\/comments?post=394"}],"version-history":[{"count":5,"href":"https:\/\/staging5.nsd.tech\/es\/wp-json\/wp\/v2\/pages\/394\/revisions"}],"predecessor-version":[{"id":851,"href":"https:\/\/staging5.nsd.tech\/es\/wp-json\/wp\/v2\/pages\/394\/revisions\/851"}],"up":[{"embeddable":true,"href":"https:\/\/staging5.nsd.tech\/es\/wp-json\/wp\/v2\/pages\/783"}],"wp:featuredmedia":[{"embeddable":true,"href":"https:\/\/staging5.nsd.tech\/es\/wp-json\/wp\/v2\/media\/210"}],"wp:attachment":[{"href":"https:\/\/staging5.nsd.tech\/es\/wp-json\/wp\/v2\/media?parent=394"}],"curies":[{"name":"wp","href":"https:\/\/api.w.org\/{rel}","templated":true}]}}