{"id":1032,"date":"2024-02-14T12:59:50","date_gmt":"2024-02-14T18:59:50","guid":{"rendered":"https:\/\/staging5.nsd.tech\/?page_id=1032"},"modified":"2025-01-20T23:48:11","modified_gmt":"2025-01-21T05:48:11","slug":"ircom-asp-hey","status":"publish","type":"page","link":"https:\/\/staging5.nsd.tech\/fr\/ircom\/ircom-asp-hey\/","title":{"rendered":"IRCOM &#8211; ASP &#038; HEY"},"content":{"rendered":"<div id=\"cs-content\" class=\"cs-content\"><\/div>","protected":false},"excerpt":{"rendered":"<p>IRCOM &#8211; ASP &#038; HEY Registration Form NameCe champ n\u2019est utilis\u00e9 qu\u2019\u00e0 des fins de validation et devrait rester inchang\u00e9.Child First Name(N\u00e9cessaire)Child Last Name(N\u00e9cessaire)Gender(N\u00e9cessaire)MaleFemaleNon-BinaryUnknownAddress(N\u00e9cessaire)Postal Code(N\u00e9cessaire)Phone (Cell)(N\u00e9cessaire)Phone (Home)Phone (Other)Immigration Status(N\u00e9cessaire)Canadian CitizenGovernment Assisted Refugees (GAR)Private Sponsored Refugees (PSR)Refugee Claimant (RC)Provincial NomineeUkraine CUAET PermitPermanent ResidentProtected PersonCountry of Origin(N\u00e9cessaire)Abu DhabiAfghanistanAlbaniaAlderneyAlgeriaAmerican SamoaAndorraAngolaAnguillaAntigua \/ BarbudaArgentinaArmeniaArubaAustraliaAustriaAzerbaijanBahamas Is.BahrainBangladeshBarbadosBelarusBelgiumBelizeBenin Peoples RepublicBermudaBhutanBoliviaBophuthatswanaBosnia and HerzegovinaBotswana Republic OfBrazilBrechouBrit. Virgin IslandsBruneiBulgariaBurkina FasoBurundiCambodiaCameroonCanadaCanary IslandsCape &#8230; <\/p>\n<div><a href=\"https:\/\/staging5.nsd.tech\/fr\/ircom\/ircom-asp-hey\/\" class=\"more-link\">Read More<\/a><\/div>","protected":false},"author":10,"featured_media":0,"parent":1665,"menu_order":0,"comment_status":"closed","ping_status":"closed","template":"","meta":{"_acf_changed":false,"inline_featured_image":false,"footnotes":""},"class_list":["post-1032","page","type-page","status-publish","hentry","no-post-thumbnail"],"acf":[],"yoast_head":"<!-- This site is optimized with the Yoast SEO plugin v27.4 - https:\/\/yoast.com\/product\/yoast-seo-wordpress\/ -->\n<title>IRCOM - ASP &amp; HEY - Staging 5<\/title>\n<meta name=\"robots\" content=\"index, follow, max-snippet:-1, max-image-preview:large, max-video-preview:-1\" \/>\n<link rel=\"canonical\" href=\"https:\/\/staging5.nsd.tech\/fr\/ircom\/ircom-asp-hey\/\" \/>\n<meta property=\"og:locale\" content=\"fr_CA\" \/>\n<meta property=\"og:type\" content=\"article\" \/>\n<meta property=\"og:title\" content=\"IRCOM - ASP &amp; HEY - Staging 5\" \/>\n<meta property=\"og:description\" content=\"IRCOM - ASP &amp; HEY Registration Form NameCe champ n\u2019est utilis\u00e9 qu\u2019\u00e0 des fins de validation et devrait rester inchang\u00e9.Child First Name(N\u00e9cessaire)Child Last Name(N\u00e9cessaire)Gender(N\u00e9cessaire)MaleFemaleNon-BinaryUnknownAddress(N\u00e9cessaire)Postal Code(N\u00e9cessaire)Phone (Cell)(N\u00e9cessaire)Phone (Home)Phone (Other)Immigration Status(N\u00e9cessaire)Canadian CitizenGovernment Assisted Refugees (GAR)Private Sponsored Refugees (PSR)Refugee Claimant (RC)Provincial NomineeUkraine CUAET PermitPermanent ResidentProtected PersonCountry of Origin(N\u00e9cessaire)Abu DhabiAfghanistanAlbaniaAlderneyAlgeriaAmerican SamoaAndorraAngolaAnguillaAntigua \/ BarbudaArgentinaArmeniaArubaAustraliaAustriaAzerbaijanBahamas Is.BahrainBangladeshBarbadosBelarusBelgiumBelizeBenin Peoples RepublicBermudaBhutanBoliviaBophuthatswanaBosnia and HerzegovinaBotswana Republic OfBrazilBrechouBrit. Virgin IslandsBruneiBulgariaBurkina FasoBurundiCambodiaCameroonCanadaCanary IslandsCape ... Read More\" \/>\n<meta property=\"og:url\" content=\"https:\/\/staging5.nsd.tech\/fr\/ircom\/ircom-asp-hey\/\" \/>\n<meta property=\"og:site_name\" content=\"Staging 5\" \/>\n<meta property=\"article:modified_time\" content=\"2025-01-21T05:48:11+00:00\" \/>\n<meta name=\"twitter:card\" content=\"summary_large_image\" \/>\n<script type=\"application\/ld+json\" class=\"yoast-schema-graph\">{\"@context\":\"https:\\\/\\\/schema.org\",\"@graph\":[{\"@type\":\"WebPage\",\"@id\":\"https:\\\/\\\/staging5.nsd.tech\\\/ircom\\\/ircom-asp-hey\\\/\",\"url\":\"https:\\\/\\\/staging5.nsd.tech\\\/ircom\\\/ircom-asp-hey\\\/\",\"name\":\"IRCOM - ASP & HEY - Staging 5\",\"isPartOf\":{\"@id\":\"https:\\\/\\\/staging5.nsd.tech\\\/#website\"},\"datePublished\":\"2024-02-14T18:59:50+00:00\",\"dateModified\":\"2025-01-21T05:48:11+00:00\",\"breadcrumb\":{\"@id\":\"https:\\\/\\\/staging5.nsd.tech\\\/ircom\\\/ircom-asp-hey\\\/#breadcrumb\"},\"inLanguage\":\"fr-CA\",\"potentialAction\":[{\"@type\":\"ReadAction\",\"target\":[\"https:\\\/\\\/staging5.nsd.tech\\\/ircom\\\/ircom-asp-hey\\\/\"]}]},{\"@type\":\"BreadcrumbList\",\"@id\":\"https:\\\/\\\/staging5.nsd.tech\\\/ircom\\\/ircom-asp-hey\\\/#breadcrumb\",\"itemListElement\":[{\"@type\":\"ListItem\",\"position\":1,\"name\":\"Home\",\"item\":\"https:\\\/\\\/staging5.nsd.tech\\\/\"},{\"@type\":\"ListItem\",\"position\":2,\"name\":\"IRCOM\",\"item\":\"https:\\\/\\\/staging5.nsd.tech\\\/ircom\\\/\"},{\"@type\":\"ListItem\",\"position\":3,\"name\":\"IRCOM &#8211; ASP &#038; HEY\"}]},{\"@type\":\"WebSite\",\"@id\":\"https:\\\/\\\/staging5.nsd.tech\\\/#website\",\"url\":\"https:\\\/\\\/staging5.nsd.tech\\\/\",\"name\":\"Staging 5\",\"description\":\"My WordPress Blog\",\"potentialAction\":[{\"@type\":\"SearchAction\",\"target\":{\"@type\":\"EntryPoint\",\"urlTemplate\":\"https:\\\/\\\/staging5.nsd.tech\\\/?s={search_term_string}\"},\"query-input\":{\"@type\":\"PropertyValueSpecification\",\"valueRequired\":true,\"valueName\":\"search_term_string\"}}],\"inLanguage\":\"fr-CA\"}]}<\/script>\n<!-- \/ Yoast SEO plugin. -->","yoast_head_json":{"title":"IRCOM - ASP & HEY - Staging 5","robots":{"index":"index","follow":"follow","max-snippet":"max-snippet:-1","max-image-preview":"max-image-preview:large","max-video-preview":"max-video-preview:-1"},"canonical":"https:\/\/staging5.nsd.tech\/fr\/ircom\/ircom-asp-hey\/","og_locale":"fr_CA","og_type":"article","og_title":"IRCOM - ASP & HEY - Staging 5","og_description":"IRCOM - ASP & HEY Registration Form NameCe champ n\u2019est utilis\u00e9 qu\u2019\u00e0 des fins de validation et devrait rester inchang\u00e9.Child First Name(N\u00e9cessaire)Child Last Name(N\u00e9cessaire)Gender(N\u00e9cessaire)MaleFemaleNon-BinaryUnknownAddress(N\u00e9cessaire)Postal Code(N\u00e9cessaire)Phone (Cell)(N\u00e9cessaire)Phone (Home)Phone (Other)Immigration Status(N\u00e9cessaire)Canadian CitizenGovernment Assisted Refugees (GAR)Private Sponsored Refugees (PSR)Refugee Claimant (RC)Provincial NomineeUkraine CUAET PermitPermanent ResidentProtected PersonCountry of Origin(N\u00e9cessaire)Abu DhabiAfghanistanAlbaniaAlderneyAlgeriaAmerican SamoaAndorraAngolaAnguillaAntigua \/ BarbudaArgentinaArmeniaArubaAustraliaAustriaAzerbaijanBahamas Is.BahrainBangladeshBarbadosBelarusBelgiumBelizeBenin Peoples RepublicBermudaBhutanBoliviaBophuthatswanaBosnia and HerzegovinaBotswana Republic OfBrazilBrechouBrit. Virgin IslandsBruneiBulgariaBurkina FasoBurundiCambodiaCameroonCanadaCanary IslandsCape ... Read More","og_url":"https:\/\/staging5.nsd.tech\/fr\/ircom\/ircom-asp-hey\/","og_site_name":"Staging 5","article_modified_time":"2025-01-21T05:48:11+00:00","twitter_card":"summary_large_image","schema":{"@context":"https:\/\/schema.org","@graph":[{"@type":"WebPage","@id":"https:\/\/staging5.nsd.tech\/ircom\/ircom-asp-hey\/","url":"https:\/\/staging5.nsd.tech\/ircom\/ircom-asp-hey\/","name":"IRCOM - ASP & HEY - Staging 5","isPartOf":{"@id":"https:\/\/staging5.nsd.tech\/#website"},"datePublished":"2024-02-14T18:59:50+00:00","dateModified":"2025-01-21T05:48:11+00:00","breadcrumb":{"@id":"https:\/\/staging5.nsd.tech\/ircom\/ircom-asp-hey\/#breadcrumb"},"inLanguage":"fr-CA","potentialAction":[{"@type":"ReadAction","target":["https:\/\/staging5.nsd.tech\/ircom\/ircom-asp-hey\/"]}]},{"@type":"BreadcrumbList","@id":"https:\/\/staging5.nsd.tech\/ircom\/ircom-asp-hey\/#breadcrumb","itemListElement":[{"@type":"ListItem","position":1,"name":"Home","item":"https:\/\/staging5.nsd.tech\/"},{"@type":"ListItem","position":2,"name":"IRCOM","item":"https:\/\/staging5.nsd.tech\/ircom\/"},{"@type":"ListItem","position":3,"name":"IRCOM &#8211; ASP &#038; HEY"}]},{"@type":"WebSite","@id":"https:\/\/staging5.nsd.tech\/#website","url":"https:\/\/staging5.nsd.tech\/","name":"Staging 5","description":"My WordPress Blog","potentialAction":[{"@type":"SearchAction","target":{"@type":"EntryPoint","urlTemplate":"https:\/\/staging5.nsd.tech\/?s={search_term_string}"},"query-input":{"@type":"PropertyValueSpecification","valueRequired":true,"valueName":"search_term_string"}}],"inLanguage":"fr-CA"}]}},"_links":{"self":[{"href":"https:\/\/staging5.nsd.tech\/fr\/wp-json\/wp\/v2\/pages\/1032","targetHints":{"allow":["GET"]}}],"collection":[{"href":"https:\/\/staging5.nsd.tech\/fr\/wp-json\/wp\/v2\/pages"}],"about":[{"href":"https:\/\/staging5.nsd.tech\/fr\/wp-json\/wp\/v2\/types\/page"}],"author":[{"embeddable":true,"href":"https:\/\/staging5.nsd.tech\/fr\/wp-json\/wp\/v2\/users\/10"}],"replies":[{"embeddable":true,"href":"https:\/\/staging5.nsd.tech\/fr\/wp-json\/wp\/v2\/comments?post=1032"}],"version-history":[{"count":2,"href":"https:\/\/staging5.nsd.tech\/fr\/wp-json\/wp\/v2\/pages\/1032\/revisions"}],"predecessor-version":[{"id":1034,"href":"https:\/\/staging5.nsd.tech\/fr\/wp-json\/wp\/v2\/pages\/1032\/revisions\/1034"}],"up":[{"embeddable":true,"href":"https:\/\/staging5.nsd.tech\/fr\/wp-json\/wp\/v2\/pages\/1665"}],"wp:attachment":[{"href":"https:\/\/staging5.nsd.tech\/fr\/wp-json\/wp\/v2\/media?parent=1032"}],"curies":[{"name":"wp","href":"https:\/\/api.w.org\/{rel}","templated":true}]}}