{"id":1365,"date":"2024-04-19T12:41:33","date_gmt":"2024-04-19T17:41:33","guid":{"rendered":"https:\/\/staging5.nsd.tech\/?page_id=1365"},"modified":"2025-01-21T00:10:39","modified_gmt":"2025-01-21T06:10:39","slug":"sfss-form","status":"publish","type":"page","link":"https:\/\/staging5.nsd.tech\/fr\/forms\/sfss-form\/","title":{"rendered":"SFSS Adoption Intake Form"},"content":{"rendered":"<div id=\"cs-content\" class=\"cs-content\"><\/div>","protected":false},"excerpt":{"rendered":"<p>SFSS Adoption Intake Form \u00c9tape 1 de 2 50% Your InformationThis field is hidden when viewing the formProgram (ADMIN ONLY)This field is hidden when viewing the formDate (ADMIN ONLY) DD slash MM slash YYYY First Name(N\u00e9cessaire)Last Name(N\u00e9cessaire)Date of Birth(N\u00e9cessaire) DD slash MM slash YYYY Email(N\u00e9cessaire) Phone(N\u00e9cessaire)Do you have a partner? Yes No Partner\/Spouse InformationFirst Name(N\u00e9cessaire)Last Name(N\u00e9cessaire)Date of Birth(N\u00e9cessaire) DD slash &#8230; <\/p>\n<div><a href=\"https:\/\/staging5.nsd.tech\/fr\/forms\/sfss-form\/\" class=\"more-link\">Read More<\/a><\/div>","protected":false},"author":15,"featured_media":0,"parent":116,"menu_order":0,"comment_status":"closed","ping_status":"closed","template":"","meta":{"_acf_changed":false,"inline_featured_image":false,"footnotes":""},"class_list":["post-1365","page","type-page","status-publish","hentry","no-post-thumbnail"],"acf":[],"yoast_head":"<!-- This site is optimized with the Yoast SEO plugin v27.4 - https:\/\/yoast.com\/product\/yoast-seo-wordpress\/ -->\n<title>SFSS Adoption Intake Form - Staging 5<\/title>\n<meta name=\"robots\" content=\"index, follow, max-snippet:-1, max-image-preview:large, max-video-preview:-1\" \/>\n<link rel=\"canonical\" href=\"https:\/\/staging5.nsd.tech\/fr\/forms\/sfss-form\/\" \/>\n<meta property=\"og:locale\" content=\"fr_CA\" \/>\n<meta property=\"og:type\" content=\"article\" \/>\n<meta property=\"og:title\" content=\"SFSS Adoption Intake Form - Staging 5\" \/>\n<meta property=\"og:description\" content=\"SFSS Adoption Intake Form \u00c9tape 1 de 2 50% Your InformationThis field is hidden when viewing the formProgram (ADMIN ONLY)This field is hidden when viewing the formDate (ADMIN ONLY) DD slash MM slash YYYY First Name(N\u00e9cessaire)Last Name(N\u00e9cessaire)Date of Birth(N\u00e9cessaire) DD slash MM slash YYYY Email(N\u00e9cessaire) Phone(N\u00e9cessaire)Do you have a partner? Yes No Partner\/Spouse InformationFirst Name(N\u00e9cessaire)Last Name(N\u00e9cessaire)Date of Birth(N\u00e9cessaire) DD slash ... Read More\" \/>\n<meta property=\"og:url\" content=\"https:\/\/staging5.nsd.tech\/fr\/forms\/sfss-form\/\" \/>\n<meta property=\"og:site_name\" content=\"Staging 5\" \/>\n<meta property=\"article:modified_time\" content=\"2025-01-21T06:10:39+00:00\" \/>\n<meta name=\"twitter:card\" content=\"summary_large_image\" \/>\n<script type=\"application\/ld+json\" class=\"yoast-schema-graph\">{\"@context\":\"https:\\\/\\\/schema.org\",\"@graph\":[{\"@type\":\"WebPage\",\"@id\":\"https:\\\/\\\/staging5.nsd.tech\\\/forms\\\/sfss-form\\\/\",\"url\":\"https:\\\/\\\/staging5.nsd.tech\\\/forms\\\/sfss-form\\\/\",\"name\":\"SFSS Adoption Intake Form - Staging 5\",\"isPartOf\":{\"@id\":\"https:\\\/\\\/staging5.nsd.tech\\\/#website\"},\"datePublished\":\"2024-04-19T17:41:33+00:00\",\"dateModified\":\"2025-01-21T06:10:39+00:00\",\"breadcrumb\":{\"@id\":\"https:\\\/\\\/staging5.nsd.tech\\\/forms\\\/sfss-form\\\/#breadcrumb\"},\"inLanguage\":\"fr-CA\",\"potentialAction\":[{\"@type\":\"ReadAction\",\"target\":[\"https:\\\/\\\/staging5.nsd.tech\\\/forms\\\/sfss-form\\\/\"]}]},{\"@type\":\"BreadcrumbList\",\"@id\":\"https:\\\/\\\/staging5.nsd.tech\\\/forms\\\/sfss-form\\\/#breadcrumb\",\"itemListElement\":[{\"@type\":\"ListItem\",\"position\":1,\"name\":\"Home\",\"item\":\"https:\\\/\\\/staging5.nsd.tech\\\/\"},{\"@type\":\"ListItem\",\"position\":2,\"name\":\"Sample Forms\",\"item\":\"https:\\\/\\\/staging5.nsd.tech\\\/forms\\\/\"},{\"@type\":\"ListItem\",\"position\":3,\"name\":\"SFSS Adoption Intake Form\"}]},{\"@type\":\"WebSite\",\"@id\":\"https:\\\/\\\/staging5.nsd.tech\\\/#website\",\"url\":\"https:\\\/\\\/staging5.nsd.tech\\\/\",\"name\":\"Staging 5\",\"description\":\"My WordPress Blog\",\"potentialAction\":[{\"@type\":\"SearchAction\",\"target\":{\"@type\":\"EntryPoint\",\"urlTemplate\":\"https:\\\/\\\/staging5.nsd.tech\\\/?s={search_term_string}\"},\"query-input\":{\"@type\":\"PropertyValueSpecification\",\"valueRequired\":true,\"valueName\":\"search_term_string\"}}],\"inLanguage\":\"fr-CA\"}]}<\/script>\n<!-- \/ Yoast SEO plugin. -->","yoast_head_json":{"title":"SFSS Adoption Intake Form - Staging 5","robots":{"index":"index","follow":"follow","max-snippet":"max-snippet:-1","max-image-preview":"max-image-preview:large","max-video-preview":"max-video-preview:-1"},"canonical":"https:\/\/staging5.nsd.tech\/fr\/forms\/sfss-form\/","og_locale":"fr_CA","og_type":"article","og_title":"SFSS Adoption Intake Form - Staging 5","og_description":"SFSS Adoption Intake Form \u00c9tape 1 de 2 50% Your InformationThis field is hidden when viewing the formProgram (ADMIN ONLY)This field is hidden when viewing the formDate (ADMIN ONLY) DD slash MM slash YYYY First Name(N\u00e9cessaire)Last Name(N\u00e9cessaire)Date of Birth(N\u00e9cessaire) DD slash MM slash YYYY Email(N\u00e9cessaire) Phone(N\u00e9cessaire)Do you have a partner? Yes No Partner\/Spouse InformationFirst Name(N\u00e9cessaire)Last Name(N\u00e9cessaire)Date of Birth(N\u00e9cessaire) DD slash ... Read More","og_url":"https:\/\/staging5.nsd.tech\/fr\/forms\/sfss-form\/","og_site_name":"Staging 5","article_modified_time":"2025-01-21T06:10:39+00:00","twitter_card":"summary_large_image","schema":{"@context":"https:\/\/schema.org","@graph":[{"@type":"WebPage","@id":"https:\/\/staging5.nsd.tech\/forms\/sfss-form\/","url":"https:\/\/staging5.nsd.tech\/forms\/sfss-form\/","name":"SFSS Adoption Intake Form - Staging 5","isPartOf":{"@id":"https:\/\/staging5.nsd.tech\/#website"},"datePublished":"2024-04-19T17:41:33+00:00","dateModified":"2025-01-21T06:10:39+00:00","breadcrumb":{"@id":"https:\/\/staging5.nsd.tech\/forms\/sfss-form\/#breadcrumb"},"inLanguage":"fr-CA","potentialAction":[{"@type":"ReadAction","target":["https:\/\/staging5.nsd.tech\/forms\/sfss-form\/"]}]},{"@type":"BreadcrumbList","@id":"https:\/\/staging5.nsd.tech\/forms\/sfss-form\/#breadcrumb","itemListElement":[{"@type":"ListItem","position":1,"name":"Home","item":"https:\/\/staging5.nsd.tech\/"},{"@type":"ListItem","position":2,"name":"Sample Forms","item":"https:\/\/staging5.nsd.tech\/forms\/"},{"@type":"ListItem","position":3,"name":"SFSS Adoption Intake Form"}]},{"@type":"WebSite","@id":"https:\/\/staging5.nsd.tech\/#website","url":"https:\/\/staging5.nsd.tech\/","name":"Staging 5","description":"My WordPress Blog","potentialAction":[{"@type":"SearchAction","target":{"@type":"EntryPoint","urlTemplate":"https:\/\/staging5.nsd.tech\/?s={search_term_string}"},"query-input":{"@type":"PropertyValueSpecification","valueRequired":true,"valueName":"search_term_string"}}],"inLanguage":"fr-CA"}]}},"_links":{"self":[{"href":"https:\/\/staging5.nsd.tech\/fr\/wp-json\/wp\/v2\/pages\/1365","targetHints":{"allow":["GET"]}}],"collection":[{"href":"https:\/\/staging5.nsd.tech\/fr\/wp-json\/wp\/v2\/pages"}],"about":[{"href":"https:\/\/staging5.nsd.tech\/fr\/wp-json\/wp\/v2\/types\/page"}],"author":[{"embeddable":true,"href":"https:\/\/staging5.nsd.tech\/fr\/wp-json\/wp\/v2\/users\/15"}],"replies":[{"embeddable":true,"href":"https:\/\/staging5.nsd.tech\/fr\/wp-json\/wp\/v2\/comments?post=1365"}],"version-history":[{"count":3,"href":"https:\/\/staging5.nsd.tech\/fr\/wp-json\/wp\/v2\/pages\/1365\/revisions"}],"predecessor-version":[{"id":1664,"href":"https:\/\/staging5.nsd.tech\/fr\/wp-json\/wp\/v2\/pages\/1365\/revisions\/1664"}],"up":[{"embeddable":true,"href":"https:\/\/staging5.nsd.tech\/fr\/wp-json\/wp\/v2\/pages\/116"}],"wp:attachment":[{"href":"https:\/\/staging5.nsd.tech\/fr\/wp-json\/wp\/v2\/media?parent=1365"}],"curies":[{"name":"wp","href":"https:\/\/api.w.org\/{rel}","templated":true}]}}