{"id":1450,"date":"2024-06-25T16:46:38","date_gmt":"2024-06-25T21:46:38","guid":{"rendered":"https:\/\/staging5.nsd.tech\/?page_id=1450"},"modified":"2025-01-21T00:06:57","modified_gmt":"2025-01-21T06:06:57","slug":"volunteer-application-form","status":"publish","type":"page","link":"https:\/\/staging5.nsd.tech\/fr\/default\/volunteer-application-form\/","title":{"rendered":"Volunteer Application Form"},"content":{"rendered":"<div id=\"cs-content\" class=\"cs-content\"><\/div>","protected":false},"excerpt":{"rendered":"<p>Default Volunteer Application Form First Name(N\u00e9cessaire)Last Name(N\u00e9cessaire)GenderMaleFemaleUnknownNon-BinaryDate of Birth(N\u00e9cessaire) DD slash MM slash YYYY Your Canadian Status(N\u00e9cessaire)Canadian CitizenStudent &#8211; Study PermitPermanent ResidentWork PermitLanguages Spoken(N\u00e9cessaire)EnglishFrenchAffarArabicChineseFarsi (Persian)KoreanMandarinTagalogAcholiAdaAfghanAfrikaansAkaAkanAklanonAkraAlbanianAmerican Sign Language (ASL)AmharicAnuak (Anywa)AranArmenianAshantiAssameseAssyrianAzeriBahasa IndonesianBalochiBambaraBamileke \/ GhomalaBansoBantuBauleBelarusianBelenBembaBembeBengaliBeniBeninBerberBetiBhariBicol\/Bikol\/BicolanoBijaiyaBilenBiniBisayaBissaBontokBraille (translation only)BretonBulgarianBurji \/ Bembala \/ Bambala \/ DaashiBurmeseBusanBusangoCantoneseCatalanCebuanoChakmaChaldeanChaochoChavacanoChichewaChinChinese &#8211; Simplified (TRANSLATION ONLY)Chinese &#8211; Traditional (TRANSLATION ONLY)ChiuchowChiyaoChowchauConcaniCreeCreoleCroatianCzechDagaareDanishDariDaza \/ Dazaga \/ TebuDinkaDioulaDutchDzongkhaEdoEfikEsanEstonianEweFangFantiFe&#039;fe \/ Fe&#039;efe&#039;e \/ Nufi \/ BafangFilipinoFinnishFlemishFoochowFoukiFoullahFukineseFulaniGaGaelicGeorgianGermanGrebo\/KrumenGreekGuerzeGujaratiHainamHakha ChinHakkaHararaHararyHargarHassanyaHausaHebrewHiligaynonHindiHindkoHokkinHungarianIbibioIboIcelandicIdomaIgboIgorotIjawIkaIlicanIlocanoIlongoIndonesianIshanItalianItsekiriIvbiosakonIziJapaneseJaraiJavaneseJingpoJolayJuba ArabicKacchiKakwaKanareseKandahariKankaniKannadaKapampanganKarenKashmiriKazakhKenyang &#8230; <\/p>\n<div><a href=\"https:\/\/staging5.nsd.tech\/fr\/default\/volunteer-application-form\/\" class=\"more-link\">Read More<\/a><\/div>","protected":false},"author":1,"featured_media":0,"parent":1683,"menu_order":0,"comment_status":"closed","ping_status":"closed","template":"","meta":{"_acf_changed":false,"inline_featured_image":false,"footnotes":""},"class_list":["post-1450","page","type-page","status-publish","hentry","no-post-thumbnail"],"acf":[],"yoast_head":"<!-- This site is optimized with the Yoast SEO plugin v27.4 - https:\/\/yoast.com\/product\/yoast-seo-wordpress\/ -->\n<title>Volunteer Application Form - Staging 5<\/title>\n<meta name=\"robots\" content=\"index, follow, max-snippet:-1, max-image-preview:large, max-video-preview:-1\" \/>\n<link rel=\"canonical\" href=\"https:\/\/staging5.nsd.tech\/fr\/default\/volunteer-application-form\/\" \/>\n<meta property=\"og:locale\" content=\"fr_CA\" \/>\n<meta property=\"og:type\" content=\"article\" \/>\n<meta property=\"og:title\" content=\"Volunteer Application Form - Staging 5\" \/>\n<meta property=\"og:description\" content=\"Default Volunteer Application Form First Name(N\u00e9cessaire)Last Name(N\u00e9cessaire)GenderMaleFemaleUnknownNon-BinaryDate of Birth(N\u00e9cessaire) DD slash MM slash YYYY Your Canadian Status(N\u00e9cessaire)Canadian CitizenStudent - Study PermitPermanent ResidentWork PermitLanguages Spoken(N\u00e9cessaire)EnglishFrenchAffarArabicChineseFarsi (Persian)KoreanMandarinTagalogAcholiAdaAfghanAfrikaansAkaAkanAklanonAkraAlbanianAmerican Sign Language (ASL)AmharicAnuak (Anywa)AranArmenianAshantiAssameseAssyrianAzeriBahasa IndonesianBalochiBambaraBamileke \/ GhomalaBansoBantuBauleBelarusianBelenBembaBembeBengaliBeniBeninBerberBetiBhariBicol\/Bikol\/BicolanoBijaiyaBilenBiniBisayaBissaBontokBraille (translation only)BretonBulgarianBurji \/ Bembala \/ Bambala \/ DaashiBurmeseBusanBusangoCantoneseCatalanCebuanoChakmaChaldeanChaochoChavacanoChichewaChinChinese - Simplified (TRANSLATION ONLY)Chinese - Traditional (TRANSLATION ONLY)ChiuchowChiyaoChowchauConcaniCreeCreoleCroatianCzechDagaareDanishDariDaza \/ Dazaga \/ TebuDinkaDioulaDutchDzongkhaEdoEfikEsanEstonianEweFangFantiFe&#039;fe \/ Fe&#039;efe&#039;e \/ Nufi \/ BafangFilipinoFinnishFlemishFoochowFoukiFoullahFukineseFulaniGaGaelicGeorgianGermanGrebo\/KrumenGreekGuerzeGujaratiHainamHakha ChinHakkaHararaHararyHargarHassanyaHausaHebrewHiligaynonHindiHindkoHokkinHungarianIbibioIboIcelandicIdomaIgboIgorotIjawIkaIlicanIlocanoIlongoIndonesianIshanItalianItsekiriIvbiosakonIziJapaneseJaraiJavaneseJingpoJolayJuba ArabicKacchiKakwaKanareseKandahariKankaniKannadaKapampanganKarenKashmiriKazakhKenyang ... Read More\" \/>\n<meta property=\"og:url\" content=\"https:\/\/staging5.nsd.tech\/fr\/default\/volunteer-application-form\/\" \/>\n<meta property=\"og:site_name\" content=\"Staging 5\" \/>\n<meta property=\"article:modified_time\" content=\"2025-01-21T06:06:57+00:00\" \/>\n<meta name=\"twitter:card\" content=\"summary_large_image\" \/>\n<script type=\"application\/ld+json\" class=\"yoast-schema-graph\">{\"@context\":\"https:\\\/\\\/schema.org\",\"@graph\":[{\"@type\":\"WebPage\",\"@id\":\"https:\\\/\\\/staging5.nsd.tech\\\/default\\\/volunteer-application-form\\\/\",\"url\":\"https:\\\/\\\/staging5.nsd.tech\\\/default\\\/volunteer-application-form\\\/\",\"name\":\"Volunteer Application Form - Staging 5\",\"isPartOf\":{\"@id\":\"https:\\\/\\\/staging5.nsd.tech\\\/#website\"},\"datePublished\":\"2024-06-25T21:46:38+00:00\",\"dateModified\":\"2025-01-21T06:06:57+00:00\",\"breadcrumb\":{\"@id\":\"https:\\\/\\\/staging5.nsd.tech\\\/default\\\/volunteer-application-form\\\/#breadcrumb\"},\"inLanguage\":\"fr-CA\",\"potentialAction\":[{\"@type\":\"ReadAction\",\"target\":[\"https:\\\/\\\/staging5.nsd.tech\\\/default\\\/volunteer-application-form\\\/\"]}]},{\"@type\":\"BreadcrumbList\",\"@id\":\"https:\\\/\\\/staging5.nsd.tech\\\/default\\\/volunteer-application-form\\\/#breadcrumb\",\"itemListElement\":[{\"@type\":\"ListItem\",\"position\":1,\"name\":\"Home\",\"item\":\"https:\\\/\\\/staging5.nsd.tech\\\/\"},{\"@type\":\"ListItem\",\"position\":2,\"name\":\"DEFAULT FORMS\",\"item\":\"https:\\\/\\\/staging5.nsd.tech\\\/default\\\/\"},{\"@type\":\"ListItem\",\"position\":3,\"name\":\"Volunteer Application Form\"}]},{\"@type\":\"WebSite\",\"@id\":\"https:\\\/\\\/staging5.nsd.tech\\\/#website\",\"url\":\"https:\\\/\\\/staging5.nsd.tech\\\/\",\"name\":\"Staging 5\",\"description\":\"My WordPress Blog\",\"potentialAction\":[{\"@type\":\"SearchAction\",\"target\":{\"@type\":\"EntryPoint\",\"urlTemplate\":\"https:\\\/\\\/staging5.nsd.tech\\\/?s={search_term_string}\"},\"query-input\":{\"@type\":\"PropertyValueSpecification\",\"valueRequired\":true,\"valueName\":\"search_term_string\"}}],\"inLanguage\":\"fr-CA\"}]}<\/script>\n<!-- \/ Yoast SEO plugin. -->","yoast_head_json":{"title":"Volunteer Application Form - Staging 5","robots":{"index":"index","follow":"follow","max-snippet":"max-snippet:-1","max-image-preview":"max-image-preview:large","max-video-preview":"max-video-preview:-1"},"canonical":"https:\/\/staging5.nsd.tech\/fr\/default\/volunteer-application-form\/","og_locale":"fr_CA","og_type":"article","og_title":"Volunteer Application Form - Staging 5","og_description":"Default Volunteer Application Form First Name(N\u00e9cessaire)Last Name(N\u00e9cessaire)GenderMaleFemaleUnknownNon-BinaryDate of Birth(N\u00e9cessaire) DD slash MM slash YYYY Your Canadian Status(N\u00e9cessaire)Canadian CitizenStudent - Study PermitPermanent ResidentWork PermitLanguages Spoken(N\u00e9cessaire)EnglishFrenchAffarArabicChineseFarsi (Persian)KoreanMandarinTagalogAcholiAdaAfghanAfrikaansAkaAkanAklanonAkraAlbanianAmerican Sign Language (ASL)AmharicAnuak (Anywa)AranArmenianAshantiAssameseAssyrianAzeriBahasa IndonesianBalochiBambaraBamileke \/ GhomalaBansoBantuBauleBelarusianBelenBembaBembeBengaliBeniBeninBerberBetiBhariBicol\/Bikol\/BicolanoBijaiyaBilenBiniBisayaBissaBontokBraille (translation only)BretonBulgarianBurji \/ Bembala \/ Bambala \/ DaashiBurmeseBusanBusangoCantoneseCatalanCebuanoChakmaChaldeanChaochoChavacanoChichewaChinChinese - Simplified (TRANSLATION ONLY)Chinese - Traditional (TRANSLATION ONLY)ChiuchowChiyaoChowchauConcaniCreeCreoleCroatianCzechDagaareDanishDariDaza \/ Dazaga \/ TebuDinkaDioulaDutchDzongkhaEdoEfikEsanEstonianEweFangFantiFe&#039;fe \/ Fe&#039;efe&#039;e \/ Nufi \/ BafangFilipinoFinnishFlemishFoochowFoukiFoullahFukineseFulaniGaGaelicGeorgianGermanGrebo\/KrumenGreekGuerzeGujaratiHainamHakha ChinHakkaHararaHararyHargarHassanyaHausaHebrewHiligaynonHindiHindkoHokkinHungarianIbibioIboIcelandicIdomaIgboIgorotIjawIkaIlicanIlocanoIlongoIndonesianIshanItalianItsekiriIvbiosakonIziJapaneseJaraiJavaneseJingpoJolayJuba ArabicKacchiKakwaKanareseKandahariKankaniKannadaKapampanganKarenKashmiriKazakhKenyang ... Read More","og_url":"https:\/\/staging5.nsd.tech\/fr\/default\/volunteer-application-form\/","og_site_name":"Staging 5","article_modified_time":"2025-01-21T06:06:57+00:00","twitter_card":"summary_large_image","schema":{"@context":"https:\/\/schema.org","@graph":[{"@type":"WebPage","@id":"https:\/\/staging5.nsd.tech\/default\/volunteer-application-form\/","url":"https:\/\/staging5.nsd.tech\/default\/volunteer-application-form\/","name":"Volunteer Application Form - Staging 5","isPartOf":{"@id":"https:\/\/staging5.nsd.tech\/#website"},"datePublished":"2024-06-25T21:46:38+00:00","dateModified":"2025-01-21T06:06:57+00:00","breadcrumb":{"@id":"https:\/\/staging5.nsd.tech\/default\/volunteer-application-form\/#breadcrumb"},"inLanguage":"fr-CA","potentialAction":[{"@type":"ReadAction","target":["https:\/\/staging5.nsd.tech\/default\/volunteer-application-form\/"]}]},{"@type":"BreadcrumbList","@id":"https:\/\/staging5.nsd.tech\/default\/volunteer-application-form\/#breadcrumb","itemListElement":[{"@type":"ListItem","position":1,"name":"Home","item":"https:\/\/staging5.nsd.tech\/"},{"@type":"ListItem","position":2,"name":"DEFAULT FORMS","item":"https:\/\/staging5.nsd.tech\/default\/"},{"@type":"ListItem","position":3,"name":"Volunteer Application Form"}]},{"@type":"WebSite","@id":"https:\/\/staging5.nsd.tech\/#website","url":"https:\/\/staging5.nsd.tech\/","name":"Staging 5","description":"My WordPress Blog","potentialAction":[{"@type":"SearchAction","target":{"@type":"EntryPoint","urlTemplate":"https:\/\/staging5.nsd.tech\/?s={search_term_string}"},"query-input":{"@type":"PropertyValueSpecification","valueRequired":true,"valueName":"search_term_string"}}],"inLanguage":"fr-CA"}]}},"_links":{"self":[{"href":"https:\/\/staging5.nsd.tech\/fr\/wp-json\/wp\/v2\/pages\/1450","targetHints":{"allow":["GET"]}}],"collection":[{"href":"https:\/\/staging5.nsd.tech\/fr\/wp-json\/wp\/v2\/pages"}],"about":[{"href":"https:\/\/staging5.nsd.tech\/fr\/wp-json\/wp\/v2\/types\/page"}],"author":[{"embeddable":true,"href":"https:\/\/staging5.nsd.tech\/fr\/wp-json\/wp\/v2\/users\/1"}],"replies":[{"embeddable":true,"href":"https:\/\/staging5.nsd.tech\/fr\/wp-json\/wp\/v2\/comments?post=1450"}],"version-history":[{"count":3,"href":"https:\/\/staging5.nsd.tech\/fr\/wp-json\/wp\/v2\/pages\/1450\/revisions"}],"predecessor-version":[{"id":1573,"href":"https:\/\/staging5.nsd.tech\/fr\/wp-json\/wp\/v2\/pages\/1450\/revisions\/1573"}],"up":[{"embeddable":true,"href":"https:\/\/staging5.nsd.tech\/fr\/wp-json\/wp\/v2\/pages\/1683"}],"wp:attachment":[{"href":"https:\/\/staging5.nsd.tech\/fr\/wp-json\/wp\/v2\/media?parent=1450"}],"curies":[{"name":"wp","href":"https:\/\/api.w.org\/{rel}","templated":true}]}}