{"id":180,"date":"2022-05-10T16:22:43","date_gmt":"2022-05-10T21:22:43","guid":{"rendered":"https:\/\/staging5.nsd.tech\/?page_id=180"},"modified":"2025-01-20T23:49:00","modified_gmt":"2025-01-21T05:49:00","slug":"nry-intake-form","status":"publish","type":"page","link":"https:\/\/staging5.nsd.tech\/fr\/ircom\/nry-intake-form\/","title":{"rendered":"Formulaire d&#039;admission NRY"},"content":{"rendered":"<div id=\"cs-content\" class=\"cs-content\"><\/div>","protected":false},"excerpt":{"rendered":"<p>LinkedInCe champ n\u2019est utilis\u00e9 qu\u2019\u00e0 des fins de validation et devrait rester inchang\u00e9.First Name:(N\u00e9cessaire)Middle Name:Last Name:(N\u00e9cessaire)Nick Name:Gender:(N\u00e9cessaire)FemaleMaleNon-BinaryDate of Birth:(N\u00e9cessaire) DD slash MM slash YYYY Primary Language:(N\u00e9cessaire)Select LanguageAcholiAdaAffarAfghanAfrikaansAkaAkanAklanonAkraAlbanianAmerican Sign Language (ASL)AmharicAnuak (Anywa)ArabicAranArmenianAshantiAssameseAssyrianAzeriBahasa IndonesianBalochiBambaraBantuBauleBelarusianBelenBembaBembeBengaliBeniBeninBerberBhariBicol\/Bikol\/BicolanoBijaiyaBilenBiniBisayaBissaBontokBraille (translation only)BretonBulgarianBurmeseBusanBusangoCantoneseCatalanCebuanoChakmaChaldeanChaochoChavacanoChichewaChinChineseChinese &#8211; Simplified (TRANSLATION ONLY)Chinese &#8211; Traditional (TRANSLATION ONLY)ChiuchowChiyaoChowchauConcaniCreoleCroatianCzechDanishDariDeaf-muteDinkaDioulaDutchDzongkhaEdoEfikEnglishEstonianEweFacilitatorFangFantiFarsi (Persian)FilipinoFinnishFlemishFoochowFoukiFoullahFrenchFukineseFulaniGaGaelicGeorgianGermanGreekGuerzeGujaratiHainamHakha ChinHakkaHararaHararyHargarHassanyaHausaHebrewHiligaynonHindiHindkoHokkinHungarianIbibioIboIcelandicIgboIgorotIjawIkaIlicanIlocanoIlongoInactiveIndonesianIshanItalianItsekiriIvbiosakonIziJapaneseJaraiJavaneseJolayJuba ArabicKacchiKakwaKanareseKandahariKankaniKannadaKapampanganKarenKashmiriKazakhKhmerKifuliruKihavuKikongoKinyamulengeKinyarwandaKiregaKirundiKiswahiliKitubaKonkaniKoreanKrioKurdishKurmanjiKyrgyzLa langue des signes qu\u00e9b\u00e9coise (LSQ)LaotianLatvianLebaneseLengieLingalaLithuanianLowmaLugandaLugishuLutoroMabanMacedonianMacenaMacuaMahouMakondeMalagasyMalayMalayalamMaligoMalinkeMalteseMandarinMandingoMarathiMasalitMashiMendeMinaMizoMoldovanMongolianMooreNaandi\/CemualNdebeleNepaliNorwegianNubianNuerNzimaOkoOkpeOriyaOromoOsalOther African LanguagesOther Chinese DialectsOther European LanguagesOther LanguagesOther Middle Eastern LanguagesOther &#8230; <\/p>\n<div><a href=\"https:\/\/staging5.nsd.tech\/fr\/ircom\/nry-intake-form\/\" class=\"more-link\">Read More<\/a><\/div>","protected":false},"author":5,"featured_media":210,"parent":1665,"menu_order":0,"comment_status":"closed","ping_status":"closed","template":"","meta":{"_acf_changed":false,"inline_featured_image":false,"footnotes":""},"class_list":["post-180","page","type-page","status-publish","has-post-thumbnail","hentry"],"acf":[],"yoast_head":"<!-- This site is optimized with the Yoast SEO plugin v27.4 - https:\/\/yoast.com\/product\/yoast-seo-wordpress\/ -->\n<title>NRY Intake Form - Staging 5<\/title>\n<meta name=\"robots\" content=\"index, follow, max-snippet:-1, max-image-preview:large, max-video-preview:-1\" \/>\n<link rel=\"canonical\" href=\"https:\/\/staging5.nsd.tech\/fr\/ircom\/nry-intake-form\/\" \/>\n<meta property=\"og:locale\" content=\"fr_CA\" \/>\n<meta property=\"og:type\" content=\"article\" \/>\n<meta property=\"og:title\" content=\"NRY Intake Form - Staging 5\" \/>\n<meta property=\"og:description\" content=\"LinkedInCe champ n\u2019est utilis\u00e9 qu\u2019\u00e0 des fins de validation et devrait rester inchang\u00e9.First Name:(N\u00e9cessaire)Middle Name:Last Name:(N\u00e9cessaire)Nick Name:Gender:(N\u00e9cessaire)FemaleMaleNon-BinaryDate of Birth:(N\u00e9cessaire) DD slash MM slash YYYY Primary Language:(N\u00e9cessaire)Select LanguageAcholiAdaAffarAfghanAfrikaansAkaAkanAklanonAkraAlbanianAmerican Sign Language (ASL)AmharicAnuak (Anywa)ArabicAranArmenianAshantiAssameseAssyrianAzeriBahasa IndonesianBalochiBambaraBantuBauleBelarusianBelenBembaBembeBengaliBeniBeninBerberBhariBicol\/Bikol\/BicolanoBijaiyaBilenBiniBisayaBissaBontokBraille (translation only)BretonBulgarianBurmeseBusanBusangoCantoneseCatalanCebuanoChakmaChaldeanChaochoChavacanoChichewaChinChineseChinese - Simplified (TRANSLATION ONLY)Chinese - Traditional (TRANSLATION ONLY)ChiuchowChiyaoChowchauConcaniCreoleCroatianCzechDanishDariDeaf-muteDinkaDioulaDutchDzongkhaEdoEfikEnglishEstonianEweFacilitatorFangFantiFarsi (Persian)FilipinoFinnishFlemishFoochowFoukiFoullahFrenchFukineseFulaniGaGaelicGeorgianGermanGreekGuerzeGujaratiHainamHakha ChinHakkaHararaHararyHargarHassanyaHausaHebrewHiligaynonHindiHindkoHokkinHungarianIbibioIboIcelandicIgboIgorotIjawIkaIlicanIlocanoIlongoInactiveIndonesianIshanItalianItsekiriIvbiosakonIziJapaneseJaraiJavaneseJolayJuba ArabicKacchiKakwaKanareseKandahariKankaniKannadaKapampanganKarenKashmiriKazakhKhmerKifuliruKihavuKikongoKinyamulengeKinyarwandaKiregaKirundiKiswahiliKitubaKonkaniKoreanKrioKurdishKurmanjiKyrgyzLa langue des signes qu\u00e9b\u00e9coise (LSQ)LaotianLatvianLebaneseLengieLingalaLithuanianLowmaLugandaLugishuLutoroMabanMacedonianMacenaMacuaMahouMakondeMalagasyMalayMalayalamMaligoMalinkeMalteseMandarinMandingoMarathiMasalitMashiMendeMinaMizoMoldovanMongolianMooreNaandi\/CemualNdebeleNepaliNorwegianNubianNuerNzimaOkoOkpeOriyaOromoOsalOther African LanguagesOther Chinese DialectsOther European LanguagesOther LanguagesOther Middle Eastern LanguagesOther ... Read More\" \/>\n<meta property=\"og:url\" content=\"https:\/\/staging5.nsd.tech\/fr\/ircom\/nry-intake-form\/\" \/>\n<meta property=\"og:site_name\" content=\"Staging 5\" \/>\n<meta property=\"article:modified_time\" content=\"2025-01-21T05:49:00+00:00\" \/>\n<meta property=\"og:image\" content=\"https:\/\/staging5.nsd.tech\/wp-content\/uploads\/2022\/05\/sample-page-featured-image.jpg\" \/>\n\t<meta property=\"og:image:width\" content=\"1200\" \/>\n\t<meta property=\"og:image:height\" content=\"671\" \/>\n\t<meta property=\"og:image:type\" content=\"image\/jpeg\" \/>\n<meta name=\"twitter:card\" content=\"summary_large_image\" \/>\n<meta name=\"twitter:label1\" content=\"Estimation du temps de lecture\" \/>\n\t<meta name=\"twitter:data1\" content=\"1 minute\" \/>\n<script type=\"application\/ld+json\" class=\"yoast-schema-graph\">{\"@context\":\"https:\\\/\\\/schema.org\",\"@graph\":[{\"@type\":\"WebPage\",\"@id\":\"https:\\\/\\\/staging5.nsd.tech\\\/ircom\\\/nry-intake-form\\\/\",\"url\":\"https:\\\/\\\/staging5.nsd.tech\\\/ircom\\\/nry-intake-form\\\/\",\"name\":\"NRY Intake Form - Staging 5\",\"isPartOf\":{\"@id\":\"https:\\\/\\\/staging5.nsd.tech\\\/#website\"},\"primaryImageOfPage\":{\"@id\":\"https:\\\/\\\/staging5.nsd.tech\\\/ircom\\\/nry-intake-form\\\/#primaryimage\"},\"image\":{\"@id\":\"https:\\\/\\\/staging5.nsd.tech\\\/ircom\\\/nry-intake-form\\\/#primaryimage\"},\"thumbnailUrl\":\"https:\\\/\\\/staging5.nsd.tech\\\/wp-content\\\/uploads\\\/2022\\\/05\\\/sample-page-featured-image.jpg\",\"datePublished\":\"2022-05-10T21:22:43+00:00\",\"dateModified\":\"2025-01-21T05:49:00+00:00\",\"breadcrumb\":{\"@id\":\"https:\\\/\\\/staging5.nsd.tech\\\/ircom\\\/nry-intake-form\\\/#breadcrumb\"},\"inLanguage\":\"fr-CA\",\"potentialAction\":[{\"@type\":\"ReadAction\",\"target\":[\"https:\\\/\\\/staging5.nsd.tech\\\/ircom\\\/nry-intake-form\\\/\"]}]},{\"@type\":\"ImageObject\",\"inLanguage\":\"fr-CA\",\"@id\":\"https:\\\/\\\/staging5.nsd.tech\\\/ircom\\\/nry-intake-form\\\/#primaryimage\",\"url\":\"https:\\\/\\\/staging5.nsd.tech\\\/wp-content\\\/uploads\\\/2022\\\/05\\\/sample-page-featured-image.jpg\",\"contentUrl\":\"https:\\\/\\\/staging5.nsd.tech\\\/wp-content\\\/uploads\\\/2022\\\/05\\\/sample-page-featured-image.jpg\",\"width\":1200,\"height\":671,\"caption\":\"Page Featured Image\"},{\"@type\":\"BreadcrumbList\",\"@id\":\"https:\\\/\\\/staging5.nsd.tech\\\/ircom\\\/nry-intake-form\\\/#breadcrumb\",\"itemListElement\":[{\"@type\":\"ListItem\",\"position\":1,\"name\":\"Home\",\"item\":\"https:\\\/\\\/staging5.nsd.tech\\\/\"},{\"@type\":\"ListItem\",\"position\":2,\"name\":\"IRCOM\",\"item\":\"https:\\\/\\\/staging5.nsd.tech\\\/ircom\\\/\"},{\"@type\":\"ListItem\",\"position\":3,\"name\":\"NRY Intake Form\"}]},{\"@type\":\"WebSite\",\"@id\":\"https:\\\/\\\/staging5.nsd.tech\\\/#website\",\"url\":\"https:\\\/\\\/staging5.nsd.tech\\\/\",\"name\":\"Staging 5\",\"description\":\"My WordPress Blog\",\"potentialAction\":[{\"@type\":\"SearchAction\",\"target\":{\"@type\":\"EntryPoint\",\"urlTemplate\":\"https:\\\/\\\/staging5.nsd.tech\\\/?s={search_term_string}\"},\"query-input\":{\"@type\":\"PropertyValueSpecification\",\"valueRequired\":true,\"valueName\":\"search_term_string\"}}],\"inLanguage\":\"fr-CA\"}]}<\/script>\n<!-- \/ Yoast SEO plugin. -->","yoast_head_json":{"title":"NRY Intake Form - Staging 5","robots":{"index":"index","follow":"follow","max-snippet":"max-snippet:-1","max-image-preview":"max-image-preview:large","max-video-preview":"max-video-preview:-1"},"canonical":"https:\/\/staging5.nsd.tech\/fr\/ircom\/nry-intake-form\/","og_locale":"fr_CA","og_type":"article","og_title":"NRY Intake Form - Staging 5","og_description":"LinkedInCe champ n\u2019est utilis\u00e9 qu\u2019\u00e0 des fins de validation et devrait rester inchang\u00e9.First Name:(N\u00e9cessaire)Middle Name:Last Name:(N\u00e9cessaire)Nick Name:Gender:(N\u00e9cessaire)FemaleMaleNon-BinaryDate of Birth:(N\u00e9cessaire) DD slash MM slash YYYY Primary Language:(N\u00e9cessaire)Select LanguageAcholiAdaAffarAfghanAfrikaansAkaAkanAklanonAkraAlbanianAmerican Sign Language (ASL)AmharicAnuak (Anywa)ArabicAranArmenianAshantiAssameseAssyrianAzeriBahasa IndonesianBalochiBambaraBantuBauleBelarusianBelenBembaBembeBengaliBeniBeninBerberBhariBicol\/Bikol\/BicolanoBijaiyaBilenBiniBisayaBissaBontokBraille (translation only)BretonBulgarianBurmeseBusanBusangoCantoneseCatalanCebuanoChakmaChaldeanChaochoChavacanoChichewaChinChineseChinese - Simplified (TRANSLATION ONLY)Chinese - Traditional (TRANSLATION ONLY)ChiuchowChiyaoChowchauConcaniCreoleCroatianCzechDanishDariDeaf-muteDinkaDioulaDutchDzongkhaEdoEfikEnglishEstonianEweFacilitatorFangFantiFarsi (Persian)FilipinoFinnishFlemishFoochowFoukiFoullahFrenchFukineseFulaniGaGaelicGeorgianGermanGreekGuerzeGujaratiHainamHakha ChinHakkaHararaHararyHargarHassanyaHausaHebrewHiligaynonHindiHindkoHokkinHungarianIbibioIboIcelandicIgboIgorotIjawIkaIlicanIlocanoIlongoInactiveIndonesianIshanItalianItsekiriIvbiosakonIziJapaneseJaraiJavaneseJolayJuba ArabicKacchiKakwaKanareseKandahariKankaniKannadaKapampanganKarenKashmiriKazakhKhmerKifuliruKihavuKikongoKinyamulengeKinyarwandaKiregaKirundiKiswahiliKitubaKonkaniKoreanKrioKurdishKurmanjiKyrgyzLa langue des signes qu\u00e9b\u00e9coise (LSQ)LaotianLatvianLebaneseLengieLingalaLithuanianLowmaLugandaLugishuLutoroMabanMacedonianMacenaMacuaMahouMakondeMalagasyMalayMalayalamMaligoMalinkeMalteseMandarinMandingoMarathiMasalitMashiMendeMinaMizoMoldovanMongolianMooreNaandi\/CemualNdebeleNepaliNorwegianNubianNuerNzimaOkoOkpeOriyaOromoOsalOther African LanguagesOther Chinese DialectsOther European LanguagesOther LanguagesOther Middle Eastern LanguagesOther ... Read More","og_url":"https:\/\/staging5.nsd.tech\/fr\/ircom\/nry-intake-form\/","og_site_name":"Staging 5","article_modified_time":"2025-01-21T05:49:00+00:00","og_image":[{"width":1200,"height":671,"url":"https:\/\/staging5.nsd.tech\/wp-content\/uploads\/2022\/05\/sample-page-featured-image.jpg","type":"image\/jpeg"}],"twitter_card":"summary_large_image","twitter_misc":{"Estimation du temps de lecture":"1 minute"},"schema":{"@context":"https:\/\/schema.org","@graph":[{"@type":"WebPage","@id":"https:\/\/staging5.nsd.tech\/ircom\/nry-intake-form\/","url":"https:\/\/staging5.nsd.tech\/ircom\/nry-intake-form\/","name":"NRY Intake Form - Staging 5","isPartOf":{"@id":"https:\/\/staging5.nsd.tech\/#website"},"primaryImageOfPage":{"@id":"https:\/\/staging5.nsd.tech\/ircom\/nry-intake-form\/#primaryimage"},"image":{"@id":"https:\/\/staging5.nsd.tech\/ircom\/nry-intake-form\/#primaryimage"},"thumbnailUrl":"https:\/\/staging5.nsd.tech\/wp-content\/uploads\/2022\/05\/sample-page-featured-image.jpg","datePublished":"2022-05-10T21:22:43+00:00","dateModified":"2025-01-21T05:49:00+00:00","breadcrumb":{"@id":"https:\/\/staging5.nsd.tech\/ircom\/nry-intake-form\/#breadcrumb"},"inLanguage":"fr-CA","potentialAction":[{"@type":"ReadAction","target":["https:\/\/staging5.nsd.tech\/ircom\/nry-intake-form\/"]}]},{"@type":"ImageObject","inLanguage":"fr-CA","@id":"https:\/\/staging5.nsd.tech\/ircom\/nry-intake-form\/#primaryimage","url":"https:\/\/staging5.nsd.tech\/wp-content\/uploads\/2022\/05\/sample-page-featured-image.jpg","contentUrl":"https:\/\/staging5.nsd.tech\/wp-content\/uploads\/2022\/05\/sample-page-featured-image.jpg","width":1200,"height":671,"caption":"Page Featured Image"},{"@type":"BreadcrumbList","@id":"https:\/\/staging5.nsd.tech\/ircom\/nry-intake-form\/#breadcrumb","itemListElement":[{"@type":"ListItem","position":1,"name":"Home","item":"https:\/\/staging5.nsd.tech\/"},{"@type":"ListItem","position":2,"name":"IRCOM","item":"https:\/\/staging5.nsd.tech\/ircom\/"},{"@type":"ListItem","position":3,"name":"NRY Intake Form"}]},{"@type":"WebSite","@id":"https:\/\/staging5.nsd.tech\/#website","url":"https:\/\/staging5.nsd.tech\/","name":"Staging 5","description":"My WordPress Blog","potentialAction":[{"@type":"SearchAction","target":{"@type":"EntryPoint","urlTemplate":"https:\/\/staging5.nsd.tech\/?s={search_term_string}"},"query-input":{"@type":"PropertyValueSpecification","valueRequired":true,"valueName":"search_term_string"}}],"inLanguage":"fr-CA"}]}},"_links":{"self":[{"href":"https:\/\/staging5.nsd.tech\/fr\/wp-json\/wp\/v2\/pages\/180","targetHints":{"allow":["GET"]}}],"collection":[{"href":"https:\/\/staging5.nsd.tech\/fr\/wp-json\/wp\/v2\/pages"}],"about":[{"href":"https:\/\/staging5.nsd.tech\/fr\/wp-json\/wp\/v2\/types\/page"}],"author":[{"embeddable":true,"href":"https:\/\/staging5.nsd.tech\/fr\/wp-json\/wp\/v2\/users\/5"}],"replies":[{"embeddable":true,"href":"https:\/\/staging5.nsd.tech\/fr\/wp-json\/wp\/v2\/comments?post=180"}],"version-history":[{"count":5,"href":"https:\/\/staging5.nsd.tech\/fr\/wp-json\/wp\/v2\/pages\/180\/revisions"}],"predecessor-version":[{"id":869,"href":"https:\/\/staging5.nsd.tech\/fr\/wp-json\/wp\/v2\/pages\/180\/revisions\/869"}],"up":[{"embeddable":true,"href":"https:\/\/staging5.nsd.tech\/fr\/wp-json\/wp\/v2\/pages\/1665"}],"wp:featuredmedia":[{"embeddable":true,"href":"https:\/\/staging5.nsd.tech\/fr\/wp-json\/wp\/v2\/media\/210"}],"wp:attachment":[{"href":"https:\/\/staging5.nsd.tech\/fr\/wp-json\/wp\/v2\/media?parent=180"}],"curies":[{"name":"wp","href":"https:\/\/api.w.org\/{rel}","templated":true}]}}